{"id":1914,"date":"2026-02-22T20:09:16","date_gmt":"2026-02-22T20:09:16","guid":{"rendered":"https:\/\/extrumer.com\/our-management-team-and-the-presidents-message\/"},"modified":"2026-03-12T21:49:56","modified_gmt":"2026-03-12T21:49:56","slug":"our-management-team-and-the-presidents-message","status":"publish","type":"page","link":"https:\/\/extrumer.com\/en\/our-management-team-and-the-presidents-message\/","title":{"rendered":"Our Management Team and the President&#8217;s Message"},"content":{"rendered":"\t\t<div data-elementor-type=\"wp-page\" data-elementor-id=\"1914\" class=\"elementor elementor-1914 elementor-1252\">\n\t\t\t\t\t\t<section class=\"elementor-section elementor-top-section elementor-element elementor-element-1e82249 elementor-section-full_width elementor-section-height-default elementor-section-height-default\" data-id=\"1e82249\" data-element_type=\"section\">\n\t\t\t\t\t\t<div class=\"elementor-container elementor-column-gap-no\">\n\t\t\t\t\t<div class=\"elementor-column elementor-col-100 elementor-top-column elementor-element elementor-element-c316f3d\" data-id=\"c316f3d\" data-element_type=\"column\">\n\t\t\t<div class=\"elementor-widget-wrap elementor-element-populated\">\n\t\t\t\t\t\t<div class=\"elementor-element elementor-element-5ce8313 elementor-align-left elementor-widget elementor-widget-page-header\" data-id=\"5ce8313\" data-element_type=\"widget\" data-widget_type=\"page-header.default\">\n\t\t\t\t<div class=\"elementor-widget-container\">\n\t\t\t\t\t\r\n\t\t\t\t<div class=\"wt-bnr-inr overlay-wraper bg-center\" style=\"background-image:url(https:\/\/extrumer.com\/wp-content\/uploads\/2026\/02\/basliklar-arka-plan.jpg);\">\r\n\t\t\t\t\t<div class=\"overlay-main site-bg-black opacity-06\"><\/div>\r\n\t\t\t<div class=\"container\">\r\n\t\t\t\t<div class=\"wt-bnr-inr-entry\">\r\n\t\t\t\t\t\t\t\t\t\t<div class=\"banner-title-outer\">\r\n\t\t\t\t\t\t<div class=\"banner-title-name\">\r\n\t\t\t\t\t\t\t<h2 class=\"wt-title\">Our Management Team &amp; <br>The President's Message<\/h2>\r\n\t\t\t\t\t\t<\/div>\r\n\t\t\t\t\t<\/div>\r\n\t\t\t\t\t\t\t\t\t\t<!-- BREADCRUMB ROW -->  \r\n\t\t\t\t\t<div>\r\n\t\t\t\t\t\t<ul class=\"wt-breadcrumb breadcrumb-style-2\">\r\n\t\t\t\t\t\t\t\t\t\t\t\t\t\t<li><a href=\"https:\/\/extrumer.com\/en\/\">Home<\/a><\/li>\r\n\t\t\t\t\t\t\t\t\t\t\t\t\t\t\t\t\t\t\t\t\t<li>Extrumer | Extrusion Technologies<\/li>\r\n\t\t\t\t\t\t\t\t\t\t\t\t\t<\/ul>\r\n\t\t\t\t\t<\/div>\r\n\t\t\t\t\t<!-- BREADCRUMB ROW END -->\r\n\t\t\t\t<\/div>\r\n\t\t\t<\/div>\r\n\t\t<\/div>\r\n\r\n\t\t\t\t\t<\/div>\n\t\t\t\t<\/div>\n\t\t\t\t\t<\/div>\n\t\t<\/div>\n\t\t\t\t\t<\/div>\n\t\t<\/section>\n\t\t<div class=\"elementor-element elementor-element-d7a0d51 e-flex e-con-boxed e-con e-parent\" data-id=\"d7a0d51\" data-element_type=\"container\">\n\t\t\t\t\t<div class=\"e-con-inner\">\n\t\t\t\t<div class=\"elementor-element elementor-element-7f78af5 elementor-widget elementor-widget-heading\" data-id=\"7f78af5\" data-element_type=\"widget\" data-widget_type=\"heading.default\">\n\t\t\t\t\t<h3 class=\"elementor-heading-title elementor-size-default\">OUR MANAGEMENT TEAM<\/h3>\t\t\t\t<\/div>\n\t\t<div class=\"elementor-element elementor-element-9460d09 e-grid e-con-full e-con e-child\" data-id=\"9460d09\" data-element_type=\"container\">\n\t\t\t\t<div class=\"elementor-element elementor-element-e899a83 elementor-position-top elementor-widget elementor-widget-image-box\" data-id=\"e899a83\" data-element_type=\"widget\" data-widget_type=\"image-box.default\">\n\t\t\t\t\t<div class=\"elementor-image-box-wrapper\"><figure class=\"elementor-image-box-img\"><img fetchpriority=\"high\" decoding=\"async\" width=\"350\" height=\"352\" src=\"https:\/\/extrumer.com\/wp-content\/uploads\/2026\/02\/Ahmet-Meric.jpg\" class=\"attachment-full size-full wp-image-1903\" alt=\"\" srcset=\"https:\/\/extrumer.com\/wp-content\/uploads\/2026\/02\/Ahmet-Meric.jpg 350w, https:\/\/extrumer.com\/wp-content\/uploads\/2026\/02\/Ahmet-Meric-298x300.jpg 298w, https:\/\/extrumer.com\/wp-content\/uploads\/2026\/02\/Ahmet-Meric-150x150.jpg 150w\" sizes=\"(max-width: 350px) 100vw, 350px\" \/><\/figure><div class=\"elementor-image-box-content\"><h4 class=\"elementor-image-box-title\">Ahmet Meri\u00e7<\/h4><p class=\"elementor-image-box-description\">Chairman of the Board  <\/p><\/div><\/div>\t\t\t\t<\/div>\n\t\t\t\t<div class=\"elementor-element elementor-element-a749af3 elementor-position-top elementor-widget elementor-widget-image-box\" data-id=\"a749af3\" data-element_type=\"widget\" data-widget_type=\"image-box.default\">\n\t\t\t\t\t<div class=\"elementor-image-box-wrapper\"><figure class=\"elementor-image-box-img\"><img decoding=\"async\" width=\"350\" height=\"352\" src=\"https:\/\/extrumer.com\/wp-content\/uploads\/2026\/02\/Adnan-Meric.jpg\" class=\"attachment-full size-full wp-image-1905\" alt=\"\" srcset=\"https:\/\/extrumer.com\/wp-content\/uploads\/2026\/02\/Adnan-Meric.jpg 350w, https:\/\/extrumer.com\/wp-content\/uploads\/2026\/02\/Adnan-Meric-298x300.jpg 298w, https:\/\/extrumer.com\/wp-content\/uploads\/2026\/02\/Adnan-Meric-150x150.jpg 150w\" sizes=\"(max-width: 350px) 100vw, 350px\" \/><\/figure><div class=\"elementor-image-box-content\"><h4 class=\"elementor-image-box-title\">Adnan Meri\u00e7<\/h4><p class=\"elementor-image-box-description\">Vice Chairman of the Board of Directors  <\/p><\/div><\/div>\t\t\t\t<\/div>\n\t\t\t\t<div class=\"elementor-element elementor-element-eefb75a elementor-position-top elementor-widget elementor-widget-image-box\" data-id=\"eefb75a\" data-element_type=\"widget\" data-widget_type=\"image-box.default\">\n\t\t\t\t\t<div class=\"elementor-image-box-wrapper\"><figure class=\"elementor-image-box-img\"><img decoding=\"async\" width=\"350\" height=\"352\" src=\"https:\/\/extrumer.com\/wp-content\/uploads\/2026\/02\/Aydin-Akcan.jpg\" class=\"attachment-full size-full wp-image-1904\" alt=\"\" srcset=\"https:\/\/extrumer.com\/wp-content\/uploads\/2026\/02\/Aydin-Akcan.jpg 350w, https:\/\/extrumer.com\/wp-content\/uploads\/2026\/02\/Aydin-Akcan-298x300.jpg 298w, https:\/\/extrumer.com\/wp-content\/uploads\/2026\/02\/Aydin-Akcan-150x150.jpg 150w\" sizes=\"(max-width: 350px) 100vw, 350px\" \/><\/figure><div class=\"elementor-image-box-content\"><h4 class=\"elementor-image-box-title\">Ayd\u0131n Akcan<\/h4><p class=\"elementor-image-box-description\">General Manager<\/p><\/div><\/div>\t\t\t\t<\/div>\n\t\t\t\t<div class=\"elementor-element elementor-element-ba17937 elementor-position-top elementor-widget elementor-widget-image-box\" data-id=\"ba17937\" data-element_type=\"widget\" data-widget_type=\"image-box.default\">\n\t\t\t\t\t<div class=\"elementor-image-box-wrapper\"><figure class=\"elementor-image-box-img\"><img loading=\"lazy\" decoding=\"async\" width=\"350\" height=\"352\" src=\"https:\/\/extrumer.com\/wp-content\/uploads\/2026\/02\/birol-yilmaz.jpg\" class=\"attachment-full size-full wp-image-1906\" alt=\"\" srcset=\"https:\/\/extrumer.com\/wp-content\/uploads\/2026\/02\/birol-yilmaz.jpg 350w, https:\/\/extrumer.com\/wp-content\/uploads\/2026\/02\/birol-yilmaz-298x300.jpg 298w, https:\/\/extrumer.com\/wp-content\/uploads\/2026\/02\/birol-yilmaz-150x150.jpg 150w\" sizes=\"(max-width: 350px) 100vw, 350px\" \/><\/figure><div class=\"elementor-image-box-content\"><h4 class=\"elementor-image-box-title\">Birol Y\u0131lmaz<\/h4><p class=\"elementor-image-box-description\">Sales &amp; Marketing Manager<\/p><\/div><\/div>\t\t\t\t<\/div>\n\t\t\t\t<div class=\"elementor-element elementor-element-a1ff9bd elementor-position-top elementor-widget elementor-widget-image-box\" data-id=\"a1ff9bd\" data-element_type=\"widget\" data-widget_type=\"image-box.default\">\n\t\t\t\t\t<div class=\"elementor-image-box-wrapper\"><figure class=\"elementor-image-box-img\"><img loading=\"lazy\" decoding=\"async\" width=\"350\" height=\"352\" src=\"https:\/\/extrumer.com\/wp-content\/uploads\/2026\/02\/hasan-meric.jpg\" class=\"attachment-full size-full wp-image-1907\" alt=\"\" srcset=\"https:\/\/extrumer.com\/wp-content\/uploads\/2026\/02\/hasan-meric.jpg 350w, https:\/\/extrumer.com\/wp-content\/uploads\/2026\/02\/hasan-meric-298x300.jpg 298w, https:\/\/extrumer.com\/wp-content\/uploads\/2026\/02\/hasan-meric-150x150.jpg 150w\" sizes=\"(max-width: 350px) 100vw, 350px\" \/><\/figure><div class=\"elementor-image-box-content\"><h4 class=\"elementor-image-box-title\">Hasan Meri\u00e7<\/h4><p class=\"elementor-image-box-description\">Technical Coordinator<\/p><\/div><\/div>\t\t\t\t<\/div>\n\t\t\t\t<div class=\"elementor-element elementor-element-cdaa87a elementor-position-top elementor-widget elementor-widget-image-box\" data-id=\"cdaa87a\" data-element_type=\"widget\" data-widget_type=\"image-box.default\">\n\t\t\t\t\t<div class=\"elementor-image-box-wrapper\"><figure class=\"elementor-image-box-img\"><img loading=\"lazy\" decoding=\"async\" width=\"350\" height=\"352\" src=\"https:\/\/extrumer.com\/wp-content\/uploads\/2026\/02\/hakan-karadeniz.jpg\" class=\"attachment-full size-full wp-image-1908\" alt=\"\" srcset=\"https:\/\/extrumer.com\/wp-content\/uploads\/2026\/02\/hakan-karadeniz.jpg 350w, https:\/\/extrumer.com\/wp-content\/uploads\/2026\/02\/hakan-karadeniz-298x300.jpg 298w, https:\/\/extrumer.com\/wp-content\/uploads\/2026\/02\/hakan-karadeniz-150x150.jpg 150w\" sizes=\"(max-width: 350px) 100vw, 350px\" \/><\/figure><div class=\"elementor-image-box-content\"><h4 class=\"elementor-image-box-title\">Hakan Karadeniz<\/h4><p class=\"elementor-image-box-description\">Purchasing Manager<\/p><\/div><\/div>\t\t\t\t<\/div>\n\t\t\t\t<div class=\"elementor-element elementor-element-5bdcb00 elementor-position-top elementor-widget elementor-widget-image-box\" data-id=\"5bdcb00\" data-element_type=\"widget\" data-widget_type=\"image-box.default\">\n\t\t\t\t\t<div class=\"elementor-image-box-wrapper\"><figure class=\"elementor-image-box-img\"><img loading=\"lazy\" decoding=\"async\" width=\"350\" height=\"352\" src=\"https:\/\/extrumer.com\/wp-content\/uploads\/2026\/02\/erhan-sahin.jpg\" class=\"attachment-full size-full wp-image-1909\" alt=\"\" srcset=\"https:\/\/extrumer.com\/wp-content\/uploads\/2026\/02\/erhan-sahin.jpg 350w, https:\/\/extrumer.com\/wp-content\/uploads\/2026\/02\/erhan-sahin-298x300.jpg 298w, https:\/\/extrumer.com\/wp-content\/uploads\/2026\/02\/erhan-sahin-150x150.jpg 150w\" sizes=\"(max-width: 350px) 100vw, 350px\" \/><\/figure><div class=\"elementor-image-box-content\"><h4 class=\"elementor-image-box-title\">Erhan \u015eahin<\/h4><p class=\"elementor-image-box-description\">Project &amp; R&amp;D Manager<\/p><\/div><\/div>\t\t\t\t<\/div>\n\t\t\t\t<div class=\"elementor-element elementor-element-e718fa5 elementor-position-top elementor-widget elementor-widget-image-box\" data-id=\"e718fa5\" data-element_type=\"widget\" data-widget_type=\"image-box.default\">\n\t\t\t\t\t<div class=\"elementor-image-box-wrapper\"><figure class=\"elementor-image-box-img\"><img loading=\"lazy\" decoding=\"async\" width=\"350\" height=\"352\" src=\"https:\/\/extrumer.com\/wp-content\/uploads\/2026\/02\/omer-kisa.jpg\" class=\"attachment-full size-full wp-image-1910\" alt=\"\" srcset=\"https:\/\/extrumer.com\/wp-content\/uploads\/2026\/02\/omer-kisa.jpg 350w, https:\/\/extrumer.com\/wp-content\/uploads\/2026\/02\/omer-kisa-298x300.jpg 298w, https:\/\/extrumer.com\/wp-content\/uploads\/2026\/02\/omer-kisa-150x150.jpg 150w\" sizes=\"(max-width: 350px) 100vw, 350px\" \/><\/figure><div class=\"elementor-image-box-content\"><h4 class=\"elementor-image-box-title\">\u00d6mer K\u0131sa<\/h4><p class=\"elementor-image-box-description\">Production &amp; Planning Manager<\/p><\/div><\/div>\t\t\t\t<\/div>\n\t\t\t\t<\/div>\n\t\t\t\t\t<\/div>\n\t\t\t\t<\/div>\n\t\t<div class=\"elementor-element elementor-element-f747fd4 e-flex e-con-boxed e-con e-parent\" data-id=\"f747fd4\" data-element_type=\"container\">\n\t\t\t\t\t<div class=\"e-con-inner\">\n\t\t\t\t<div class=\"elementor-element elementor-element-c96ae9c elementor-widget elementor-widget-heading\" data-id=\"c96ae9c\" data-element_type=\"widget\" data-widget_type=\"heading.default\">\n\t\t\t\t\t<h3 class=\"elementor-heading-title elementor-size-default\">PRESIDENT'S MESSAGE<\/h3>\t\t\t\t<\/div>\n\t\t\t\t<div class=\"elementor-element elementor-element-17c7c08 elementor-widget elementor-widget-text-editor\" data-id=\"17c7c08\" data-element_type=\"widget\" data-widget_type=\"text-editor.default\">\n\t\t\t\t\t\t\t\t\t<p><img loading=\"lazy\" decoding=\"async\" class=\"size-full wp-image-1215 aligncenter\" src=\"http:\/\/formerextrumer.pigudijital.com\/wp-content\/uploads\/2026\/02\/meric-ailesi.jpg\" alt=\"\" width=\"800\" height=\"481\" srcset=\"https:\/\/extrumer.com\/wp-content\/uploads\/2026\/02\/meric-ailesi.jpg 800w, https:\/\/extrumer.com\/wp-content\/uploads\/2026\/02\/meric-ailesi-300x180.jpg 300w, https:\/\/extrumer.com\/wp-content\/uploads\/2026\/02\/meric-ailesi-768x462.jpg 768w\" sizes=\"(max-width: 800px) 100vw, 800px\" \/><\/p><p><strong>Dear Business Partners and Visitors,<\/strong><\/p><p>Our company, which develops extrusion lines for rubber and thermoplastics, is built upon years of knowledge and experience in the plastics processing industry. From day one, our fundamental goal has been to truly add value to our customers&#8217; production power with innovative and sustainable solutions that closely follow technological advancements. <br>Today, competition is not only about producing, but also about offering the right technology, the right engineering, and economical solutions. With this understanding, we design and manufacture machines that are robust, high-performance, possess a high-quality technological infrastructure, and consider operating costs. In each of our lines, we reflect our engineering approach, which is fueled by real-world needs in the field, and the experience gained over the years. <br>We view our customers not merely as buyers, but as long-term business partners. Throughout the entire process, from pre-sales to after-sales, we operate without compromising on the principles of reliability, transparency, and continuous improvement. With our dynamic structure that closely follows innovations, we continue to produce solutions that shape change in the sector. <br>Looking to the future; With our approach that combines quality, technology, and economic benefit, we are resolutely moving forward on our path to becoming a strong and respected brand both in our country and in international markets. Thank you for your trust in us, and we hope to establish long-term and successful collaborations together.     <\/p><p>Sincerely,<\/p>\t\t\t\t\t\t\t\t<\/div>\n\t\t\t\t\t<\/div>\n\t\t\t\t<\/div>\n\t\t\t\t<\/div>\n\t\t","protected":false},"excerpt":{"rendered":"<p>Our Management Team &amp; The President&#8217;s Message Home Extrumer | Extrusion Technologies OUR MANAGEMENT TEAM Ahmet Meri\u00e7 Chairman of the Board Adnan Meri\u00e7 Vice Chairman of the Board of Directors Ayd\u0131n Akcan General Manager Birol Y\u0131lmaz Sales &amp; Marketing Manager Hasan Meri\u00e7 Technical Coordinator Hakan Karadeniz Purchasing Manager Erhan \u015eahin Project &amp; R&amp;D Manager \u00d6mer [&hellip;]<\/p>\n","protected":false},"author":1,"featured_media":0,"parent":0,"menu_order":0,"comment_status":"closed","ping_status":"closed","template":"page-templates\/home-2-template.php","meta":{"footnotes":""},"class_list":["post-1914","page","type-page","status-publish","hentry"],"_links":{"self":[{"href":"https:\/\/extrumer.com\/en\/wp-json\/wp\/v2\/pages\/1914","targetHints":{"allow":["GET"]}}],"collection":[{"href":"https:\/\/extrumer.com\/en\/wp-json\/wp\/v2\/pages"}],"about":[{"href":"https:\/\/extrumer.com\/en\/wp-json\/wp\/v2\/types\/page"}],"author":[{"embeddable":true,"href":"https:\/\/extrumer.com\/en\/wp-json\/wp\/v2\/users\/1"}],"replies":[{"embeddable":true,"href":"https:\/\/extrumer.com\/en\/wp-json\/wp\/v2\/comments?post=1914"}],"version-history":[{"count":1,"href":"https:\/\/extrumer.com\/en\/wp-json\/wp\/v2\/pages\/1914\/revisions"}],"predecessor-version":[{"id":1915,"href":"https:\/\/extrumer.com\/en\/wp-json\/wp\/v2\/pages\/1914\/revisions\/1915"}],"wp:attachment":[{"href":"https:\/\/extrumer.com\/en\/wp-json\/wp\/v2\/media?parent=1914"}],"curies":[{"name":"wp","href":"https:\/\/api.w.org\/{rel}","templated":true}]}}