{"id":2178,"date":"2026-02-04T21:13:45","date_gmt":"2026-02-04T21:13:45","guid":{"rendered":"https:\/\/extrumer.com\/pdpl\/"},"modified":"2026-03-17T07:31:11","modified_gmt":"2026-03-17T07:31:11","slug":"pdpl","status":"publish","type":"page","link":"https:\/\/extrumer.com\/en\/pdpl\/","title":{"rendered":"PDPL"},"content":{"rendered":"\t\t<div data-elementor-type=\"wp-page\" data-elementor-id=\"2178\" class=\"elementor elementor-2178 elementor-802\">\n\t\t\t\t\t\t<section class=\"elementor-section elementor-top-section elementor-element elementor-element-1e82249 elementor-section-full_width elementor-section-height-default elementor-section-height-default\" data-id=\"1e82249\" data-element_type=\"section\">\n\t\t\t\t\t\t<div class=\"elementor-container elementor-column-gap-no\">\n\t\t\t\t\t<div class=\"elementor-column elementor-col-100 elementor-top-column elementor-element elementor-element-c316f3d\" data-id=\"c316f3d\" data-element_type=\"column\">\n\t\t\t<div class=\"elementor-widget-wrap elementor-element-populated\">\n\t\t\t\t\t\t<div class=\"elementor-element elementor-element-5ce8313 elementor-align-left elementor-widget elementor-widget-page-header\" data-id=\"5ce8313\" data-element_type=\"widget\" data-widget_type=\"page-header.default\">\n\t\t\t\t<div class=\"elementor-widget-container\">\n\t\t\t\t\t\r\n\t\t\t\t<div class=\"wt-bnr-inr overlay-wraper bg-center\" style=\"background-image:url(https:\/\/extrumer.com\/wp-content\/uploads\/2026\/02\/basliklar-arka-plan.jpg);\">\r\n\t\t\t\t\t<div class=\"overlay-main site-bg-black opacity-06\"><\/div>\r\n\t\t\t<div class=\"container\">\r\n\t\t\t\t<div class=\"wt-bnr-inr-entry\">\r\n\t\t\t\t\t\t\t\t\t\t<div class=\"banner-title-outer\">\r\n\t\t\t\t\t\t<div class=\"banner-title-name\">\r\n\t\t\t\t\t\t\t<h2 class=\"wt-title\">PDPL<\/h2>\r\n\t\t\t\t\t\t<\/div>\r\n\t\t\t\t\t<\/div>\r\n\t\t\t\t\t\t\t\t\t\t<!-- BREADCRUMB ROW -->  \r\n\t\t\t\t\t<div>\r\n\t\t\t\t\t\t<ul class=\"wt-breadcrumb breadcrumb-style-2\">\r\n\t\t\t\t\t\t\t\t\t\t\t\t\t\t<li><a href=\"https:\/\/extrumer.com\/en\/\">Home<\/a><\/li>\r\n\t\t\t\t\t\t\t\t\t\t\t\t\t\t\t\t\t\t\t\t\t<li>PDPL<\/li>\r\n\t\t\t\t\t\t\t\t\t\t\t\t\t<\/ul>\r\n\t\t\t\t\t<\/div>\r\n\t\t\t\t\t<!-- BREADCRUMB ROW END -->\r\n\t\t\t\t<\/div>\r\n\t\t\t<\/div>\r\n\t\t<\/div>\r\n\r\n\t\t\t\t\t<\/div>\n\t\t\t\t<\/div>\n\t\t\t\t\t<\/div>\n\t\t<\/div>\n\t\t\t\t\t<\/div>\n\t\t<\/section>\n\t\t\t\t<section class=\"elementor-section elementor-top-section elementor-element elementor-element-80d2317 elementor-section-full_width elementor-section-height-default elementor-section-height-default\" data-id=\"80d2317\" data-element_type=\"section\">\n\t\t\t\t\t\t<div class=\"elementor-container elementor-column-gap-no\">\n\t\t\t\t\t<div class=\"elementor-column elementor-col-100 elementor-top-column elementor-element elementor-element-e69b7b4\" data-id=\"e69b7b4\" data-element_type=\"column\">\n\t\t\t<div class=\"elementor-widget-wrap elementor-element-populated\">\n\t\t\t\t\t\t<div class=\"elementor-element elementor-element-5d24a71 elementor-widget elementor-widget-n-accordion\" data-id=\"5d24a71\" data-element_type=\"widget\" data-settings=\"{&quot;default_state&quot;:&quot;expanded&quot;,&quot;max_items_expended&quot;:&quot;one&quot;,&quot;n_accordion_animation_duration&quot;:{&quot;unit&quot;:&quot;ms&quot;,&quot;size&quot;:400,&quot;sizes&quot;:[]}}\" data-widget_type=\"nested-accordion.default\">\n\t\t\t\t\t\t\t<div class=\"e-n-accordion\" aria-label=\"Accordion. Open links with Enter or Space, close with Escape, and navigate with Arrow Keys\">\n\t\t\t\t\t\t<details id=\"e-n-accordion-item-9760\" class=\"e-n-accordion-item\" open>\n\t\t\t\t<summary class=\"e-n-accordion-item-title\" data-accordion-index=\"1\" tabindex=\"0\" aria-expanded=\"true\" aria-controls=\"e-n-accordion-item-9760\" >\n\t\t\t\t\t<span class='e-n-accordion-item-title-header'><div class=\"e-n-accordion-item-title-text\"> Personal Data Protection Law (KVKK) <\/div><\/span>\n\t\t\t\t\t\t\t<span class='e-n-accordion-item-title-icon'>\n\t\t\t<span class='e-opened' ><svg aria-hidden=\"true\" class=\"e-font-icon-svg e-fas-minus\" viewBox=\"0 0 448 512\" xmlns=\"http:\/\/www.w3.org\/2000\/svg\"><path d=\"M416 208H32c-17.67 0-32 14.33-32 32v32c0 17.67 14.33 32 32 32h384c17.67 0 32-14.33 32-32v-32c0-17.67-14.33-32-32-32z\"><\/path><\/svg><\/span>\n\t\t\t<span class='e-closed'><svg aria-hidden=\"true\" class=\"e-font-icon-svg e-fas-plus\" viewBox=\"0 0 448 512\" xmlns=\"http:\/\/www.w3.org\/2000\/svg\"><path d=\"M416 208H272V64c0-17.67-14.33-32-32-32h-32c-17.67 0-32 14.33-32 32v144H32c-17.67 0-32 14.33-32 32v32c0 17.67 14.33 32 32 32h144v144c0 17.67 14.33 32 32 32h32c17.67 0 32-14.33 32-32V304h144c17.67 0 32-14.33 32-32v-32c0-17.67-14.33-32-32-32z\"><\/path><\/svg><\/span>\n\t\t<\/span>\n\n\t\t\t\t\t\t<\/summary>\n\t\t\t\t<div role=\"region\" aria-labelledby=\"e-n-accordion-item-9760\" class=\"elementor-element elementor-element-0a1b89b e-con-full e-flex e-con e-child\" data-id=\"0a1b89b\" data-element_type=\"container\">\n\t\t<div role=\"region\" aria-labelledby=\"e-n-accordion-item-9760\" class=\"elementor-element elementor-element-3fdb5cf e-flex e-con-boxed e-con e-child\" data-id=\"3fdb5cf\" data-element_type=\"container\">\n\t\t\t\t\t<div class=\"e-con-inner\">\n\t\t\t\t<div class=\"elementor-element elementor-element-ae1d6a0 elementor-widget elementor-widget-text-editor\" data-id=\"ae1d6a0\" data-element_type=\"widget\" data-widget_type=\"text-editor.default\">\n\t\t\t\t\t\t\t\t\t<p><strong>ENTRANCE<\/strong><\/p><p>At Extrumer (hereinafter referred to as the &#8220;Company&#8221; or &#8220;We&#8221;), we take the utmost care to ensure the privacy of your personal data and to process it in accordance with the law while providing the services we offer to our guests.<\/p><p>This privacy notice, prepared in accordance with Article 10 of the Law No. 6698 on the Protection of Personal Data (&#8220;the Law&#8221;), aims to inform you about the following topics:<\/p><ol><li>How can we obtain your personal data?<\/li><li>Which of your personal data do we process?<\/li><li>For what purposes and on what legal grounds do we process your personal data?<\/li><li>For what purposes and with whom may we share your personal data?<\/li><li>What are your rights regarding your personal data, and how can you exercise these rights?<\/li><\/ol><p><strong>HOW CAN WE OBTAIN YOUR PERSONAL DATA?<\/strong><\/p><p>As a company, we can contact you, our guests, through many channels. Your personal data is collected verbally, in writing, or electronically through channels such as our website, call center, email communications, and social media accounts, or through other channels that may be established\/created in the future;<\/p><p>Personal data is collected by the COMPANY within the framework of legal regulations for the purposes stated above and only if there are legal grounds such as: performance of the contract, explicit provision in the law, your personal data having been made public by you, necessity for the establishment, exercise or protection of a right granted to you; and necessity for the COMPANY to fulfill its legitimate interests and legal obligations in a way that does not harm your fundamental rights and freedoms.<\/p><p><strong>FOR WHAT PURPOSES DO WE PROCESS YOUR PERSONAL DATA?<\/strong><\/p><p>The COMPANY may collect personal data from parties such as its customers, employees, potential customers, job applicants, business partners, website and store visitors, and suppliers, in categories such as identity information, contact information, customer information, customer transaction information, transaction security information, legal transaction and compliance information, and marketing and sales information.<\/p><p><strong>WHICH OF YOUR PERSONAL DATA DO WE PROCESS?<\/strong><\/p><p>\u2013 To provide you with the company&#8217;s products and services, to fulfill our obligations to you, to maintain records and documents, and to comply with information retention, reporting, notification, tax and other obligations stipulated by local and international legal regulations,<\/p><p>\u2013 To offer you customized advertising, campaigns, advantages, and other benefits for sales and marketing activities aimed at improving the quality of services and products.<\/p><p>\u2013 To contact you in order to provide you with the necessary information regarding your IT requirements, system structure, the necessity of the IT support services you receive, and related services and products.<\/p><p>\u2013 Conducting traffic measurement, statistical analysis, segmentation\/profiling, and CRM studies for sales and marketing activities.<\/p><p>\u2013 Measuring and improving customer satisfaction, managing complaints, receiving your opinions and suggestions regarding new services and products, receiving your problem and error reports, and providing you with information regarding products and services, complaints , and requests.<\/p><p>\u2013 Your personal data may be used in comparative product and\/or service offerings, modeling, existing or new product studies and\/or developments, and in all products and services offered to you within the scope of the law and relevant legislation governing the business activities written in the COMPANY&#8217;s articles of association, regarding the disclosure of your personal data to the COMPANY .<\/p><p>\u2013 To comply with information retention, reporting, and notification obligations stipulated by official institutions, to fulfill the requirements of contracts, and to perform the legal obligations to which the COMPANY is subject in relation to the use of these services.<\/p><p>\u2013 To manage the financial operations, communication, market research and social responsibility activities, purchasing operations (demand, offer, evaluation, order, budgeting, contract), internal system and application management operations, and legal operations carried out by the COMPANY, in line with the purpose of determining and implementing the COMPANY&#8217;s commercial and business strategies .<\/p><p>\u2013 To review, evaluate, and respond to requests from official authorities or from you.<\/p><p>conditions and purposes for processing specified in Articles 5 and 6 of Law No. 6698.<\/p><p><strong>FOR WHAT PURPOSES AND WITH WHOM MAY WE SHARE YOUR PERSONAL DATA?<\/strong><\/p><p>Your personal data collected will be used solely for the purposes stated above;<\/p><p>\u2013 To the COMPANY&#8217;s business partners,<\/p><p>\u2013 To individuals or organizations permitted by the Turkish Commercial Code, the Turkish Code of Obligations, and other relevant legislation,<\/p><p>\u2013 To legally authorized public institutions and organizations, administrative authorities and legal authorities,<\/p><p>\u2013 Your personal data may be transferred to natural or legal persons, program partner institutions and organizations, institutions with whom we have agreements regarding the sending of messages to our customers, and courier companies that deliver direct orders to you, with whom we cooperate and receive services for product\/service comparison, analysis, evaluation, advertising and the realization of the purposes mentioned above, within the framework of the personal data processing conditions and purposes specified in Articles 8 and 9 of Law No. 6698.<\/p><p><strong>The third parties with whom we may share your personal data and the reasons for this sharing are as follows:<\/strong><\/p><ul><li>We may share your personal data with our business partners. In many cases, third parties to whom we transfer your personal data may also process your personal data as data controllers.<\/li><\/ul><ul><li>We may share your information with our suppliers. In some areas where we communicate with you, we utilize the services of third parties outside of the &#8220;Company&#8221; . This includes services directly related to sending commercial communications, managing our website, and providing our information technology infrastructure, for which we obtain services from suppliers. Furthermore, to protect the legal and economic security of our Company, we may share your personal data with lawyers. In these cases, we may transfer your personal data to suppliers.<\/li><\/ul><ul><li>We may transfer your information to financial institutions. We may share your personal data with banks or payment institutions to process payments for our services.<\/li><\/ul><ul><li>We may share your personal information with authorized public institutions or private individuals if legally requested to do so. We may also need to share your information routinely or upon request with authorized public institutions or relevant organizations due to our legal obligations or applicable insurance and tax regulations. For example, we may share your information with public institutions to respond to information requests from courts in the context of criminal investigations or during tax audits.<\/li><\/ul><p><strong>WHAT ARE YOUR RIGHTS REGARDING YOUR PERSONAL DATA AND HOW CAN YOU EXERCISE THESE RIGHTS?<\/strong><\/p><p>As data subjects, if you submit your requests regarding your rights to the COMPANY using the methods described below, the COMPANY will process your request as soon as possible, and no later than thirty days, depending on the nature of the request. No fee will be charged for responses up to ten pages. A processing fee of 1 Turkish Lira will be charged for each page exceeding ten pages. If the response to the application is provided on a recording medium such as a CD or flash drive, the fee that may be requested by our COMPANY will not exceed the cost of the recording medium. In this context, data subjects;<\/p><ul><li>To find out whether your personal data is being processed,<\/li><\/ul><ul><li>The right to request information regarding the processing of personal data.<\/li><\/ul><ul><li>To learn the purpose of processing personal data and whether it is being used appropriately for that purpose.<\/li><\/ul><ul><li>Knowing the third parties to whom personal data is transferred, whether domestically or internationally.<\/li><\/ul><ul><li>The right to request the correction of personal data if it has been processed incompletely or inaccurately, and to request that this correction be notified to third parties to whom the personal data has been transferred.<\/li><\/ul><ul><li>Even if personal data has been processed in accordance with Law No. 6698 and other relevant laws, the right to request the deletion or destruction of personal data when the reasons requiring its processing cease to exist, and to request that this action be notified to third parties to whom the personal data has been transferred.<\/li><\/ul><ul><li>The right to object to an outcome that is detrimental to oneself, resulting from the analysis of processed data exclusively through automated systems.<\/li><\/ul><p>Individuals who suffer damages as a result of the unlawful processing of their personal data have the right to claim compensation for those damages.<\/p><p>You may submit your request regarding the exercise of your rights mentioned above in Turkish, in writing, or via registered electronic mail (KEP) address, secure electronic signature, mobile signature, or using the email address previously notified to the COMPANY and registered in our system, in accordance with Article 13, paragraph 1 of Law No. 6698 and the Communiqu\u00e9 No. 30356 dated 10.03.2018 on the Procedures and Principles for Applications to the Data Controller . The COMPANY reserves the right to verify your identity before responding.<\/p><p>In your application;<\/p><ol><li>a) Your name, surname, and signature (if the application is in writing),<\/li><li>b) For Turkish citizens, your Turkish Republic identity number; if you are a foreigner, your nationality, passport number, or identity number if you have one.<\/li><li>c) Your residential or business address for notification purposes,<\/li><li>d) If applicable, your email address, telephone and fax number for notification purposes,<\/li><li>e) The subject of your request,<\/li><\/ol><p>It is mandatory to provide the relevant information and documents, and if available , these should also be attached to the application.<\/p><p>your written applications, along with the necessary documents, to the data controller to whom Extrumer is affiliated: \u201cFormer Makine Sanayi Ve Ticaret Anonim \u015eirketi, Beylikd\u00fcz\u00fc Osb . Mah. 5. Cad. No:3\/24 Beylikd\u00fcz\u00fc\/ \u0130STANBUL\u201d. You can access the application form through our website.<\/p><p>your applications via email to <a href=\"mailto:info@extrumer.com\">info@extrumer.com <\/a>and info@former.com.tr.<\/p><p>Depending on the nature of your request, you must provide us with complete and accurate information and documents. Failure to provide the requested information and documents properly may hinder the COMPANY&#8217;s ability to conduct a thorough and effective investigation into your request. In this case, the COMPANY reserves its legal rights. Therefore, your application must be submitted completely and include all the requested information and documents, according to the nature of your request.<\/p><p><strong>CONTACT<\/strong><\/p><p>For questions and issues regarding the site and applications, you can contact us using the information below.<\/p><p><strong>Trade Name:<\/strong> Former Makine Sanayi Ve Ticaret Anonim \u015eirketi<\/p><p><strong>Address:<\/strong> Beylikd\u00fcz\u00fc OSB . Mah. 5th Cad. No:3 Beylikd\u00fcz\u00fc\/ISTANBUL<\/p><p><strong>Telephone:<\/strong> <a href=\"tel:+902128542055\">+90 (212) 854 20 55<\/a><\/p><p><strong>Email:<\/strong> info@former.com.tr<\/p><p><strong>Extrumer is a brand of Former Makine Sanayi Ve Ticaret Anonim \u015eirketi.<\/strong><\/p>\t\t\t\t\t\t\t\t<\/div>\n\t\t\t\t\t<\/div>\n\t\t\t\t<\/div>\n\t\t\t\t<\/div>\n\t\t\t\t\t<\/details>\n\t\t\t\t\t<\/div>\n\t\t\t\t\t\t<\/div>\n\t\t\t\t\t<\/div>\n\t\t<\/div>\n\t\t\t\t\t<\/div>\n\t\t<\/section>\n\t\t\t\t<\/div>\n\t\t","protected":false},"excerpt":{"rendered":"<p>PDPL Home PDPL Personal Data Protection Law (KVKK) ENTRANCE At Extrumer (hereinafter referred to as the &#8220;Company&#8221; or &#8220;We&#8221;), we take the utmost care to ensure the privacy of your personal data and to process it in accordance with the law while providing the services we offer to our guests. This privacy notice, prepared in [&hellip;]<\/p>\n","protected":false},"author":1,"featured_media":0,"parent":0,"menu_order":0,"comment_status":"closed","ping_status":"closed","template":"page-templates\/home-2-template.php","meta":{"footnotes":""},"class_list":["post-2178","page","type-page","status-publish","hentry"],"_links":{"self":[{"href":"https:\/\/extrumer.com\/en\/wp-json\/wp\/v2\/pages\/2178","targetHints":{"allow":["GET"]}}],"collection":[{"href":"https:\/\/extrumer.com\/en\/wp-json\/wp\/v2\/pages"}],"about":[{"href":"https:\/\/extrumer.com\/en\/wp-json\/wp\/v2\/types\/page"}],"author":[{"embeddable":true,"href":"https:\/\/extrumer.com\/en\/wp-json\/wp\/v2\/users\/1"}],"replies":[{"embeddable":true,"href":"https:\/\/extrumer.com\/en\/wp-json\/wp\/v2\/comments?post=2178"}],"version-history":[{"count":4,"href":"https:\/\/extrumer.com\/en\/wp-json\/wp\/v2\/pages\/2178\/revisions"}],"predecessor-version":[{"id":2182,"href":"https:\/\/extrumer.com\/en\/wp-json\/wp\/v2\/pages\/2178\/revisions\/2182"}],"wp:attachment":[{"href":"https:\/\/extrumer.com\/en\/wp-json\/wp\/v2\/media?parent=2178"}],"curies":[{"name":"wp","href":"https:\/\/api.w.org\/{rel}","templated":true}]}}